{"id":12,"date":"2022-01-04T18:52:16","date_gmt":"2022-01-04T15:52:16","guid":{"rendered":"http:\/\/arol.com.tr\/?page_id=12"},"modified":"2022-01-04T21:18:51","modified_gmt":"2022-01-04T18:18:51","slug":"ana-sayfa","status":"publish","type":"page","link":"https:\/\/arol.com.tr\/","title":{"rendered":"Ana sayfa"},"content":{"rendered":"\n<div class=\"wp-block-cover alignfull\" style=\"min-height:700px\"><img loading=\"lazy\" width=\"2048\" height=\"1182\" class=\"wp-block-cover__image-background wp-image-65\" alt=\"\" src=\"http:\/\/arol.com.tr\/wp-content\/uploads\/2022\/01\/giris_2.jpg\" style=\"object-position:50% 64%\" data-object-fit=\"cover\" data-object-position=\"50% 64%\" srcset=\"https:\/\/arol.com.tr\/wp-content\/uploads\/2022\/01\/giris_2.jpg 2048w, https:\/\/arol.com.tr\/wp-content\/uploads\/2022\/01\/giris_2-300x173.jpg 300w, https:\/\/arol.com.tr\/wp-content\/uploads\/2022\/01\/giris_2-1024x591.jpg 1024w, https:\/\/arol.com.tr\/wp-content\/uploads\/2022\/01\/giris_2-768x443.jpg 768w, https:\/\/arol.com.tr\/wp-content\/uploads\/2022\/01\/giris_2-1536x887.jpg 1536w\" sizes=\"(max-width: 2048px) 100vw, 2048px\" \/><div class=\"wp-block-cover__inner-container\">\n<div style=\"height:80px\" aria-hidden=\"true\" class=\"wp-block-spacer\"><\/div>\n\n\n\n<h1 class=\"has-text-align-center has-text-color\" style=\"color:#121212\">Elektri\u011fe zam geldi&#8230; <\/h1>\n\n\n\n<p class=\"has-text-align-center has-text-color\" style=\"color:#121212;font-size:17px\">Art\u0131k <strong>Canopy, Besihane, \u00c7iftlik, \u00c7at\u0131<\/strong> GES uygulamalar\u0131 daha \u00e7ok kazand\u0131r\u0131yor. <br><strong>2021<\/strong> fiyatlar\u0131yla <strong>GES<\/strong>(G\u00fcne\u015f Enerji Santrali) yapt\u0131rmak i\u00e7in hemen ileti\u015fime ge\u00e7in.<\/p>\n\n\n\n<div class=\"wp-block-buttons is-content-justification-center\">\n<div class=\"wp-block-button is-style-primary\"><a class=\"wp-block-button__link\" href=\"http:\/\/wa.me\/905300772818\">Whatsapp&#8217;tan \u0130leti\u015fim<\/a><\/div>\n\n\n\n<div class=\"wp-block-button is-style-default\"><a class=\"wp-block-button__link has-background\" href=\"http:\/\/facebook.com\/arolenerji\" style=\"background:linear-gradient(135deg,rgb(67,161,214) 0%,rgb(25,69,162) 100%)\">Facebook&#8217;tan ileti\u015fim<\/a><\/div>\n<\/div>\n\n\n\n<div style=\"height:80px\" aria-hidden=\"true\" class=\"wp-block-spacer\"><\/div>\n\n\n\n<div style=\"height:80px\" aria-hidden=\"true\" class=\"wp-block-spacer\"><\/div>\n<\/div><\/div>\n\n\n\n<div style=\"height:80px\" aria-hidden=\"true\" class=\"wp-block-spacer\"><\/div>\n\n\n\n<div class=\"wp-block-columns\">\n<div class=\"wp-block-column\">\n<div class=\"wp-block-image icon-style is-style-default\"><figure class=\"aligncenter is-resized\"><img loading=\"lazy\" src=\"http:\/\/arol.com.tr\/wp-content\/themes\/neve\/assets\/img\/starter-content\/icon-03.svg\" alt=\"\" width=\"48\" height=\"48\"\/><\/figure><\/div>\n\n\n\n<h3 class=\"has-text-align-center has-neve-text-color-color has-text-color\">2021 Fiyatlar\u0131<\/h3>\n\n\n\n<p class=\"has-text-align-center\">Elektrik fiyatlar\u0131 artarken bizde GES uygulamalar\u0131 ge\u00e7en seneki fiyatlardan&#8230;<\/p>\n\n\n\n<div style=\"height:20px\" aria-hidden=\"true\" class=\"wp-block-spacer\"><\/div>\n<\/div>\n\n\n\n<div class=\"wp-block-column\">\n<div class=\"wp-block-image icon-style is-style-default\"><figure class=\"aligncenter is-resized\"><img loading=\"lazy\" src=\"http:\/\/arol.com.tr\/wp-content\/themes\/neve\/assets\/img\/starter-content\/icon-02.svg\" alt=\"\" width=\"48\" height=\"48\"\/><\/figure><\/div>\n\n\n\n<h3 class=\"has-text-align-center has-neve-text-color-color has-text-color\">\u015eimdi Tam Zaman\u0131<\/h3>\n\n\n\n<p class=\"has-text-align-center\">Elektrik fiyatlar\u0131 bu y\u0131l itibar\u0131yla %50 ile %135 aras\u0131 fiyat art\u0131\u015f\u0131 ger\u00e7ekle\u015fti. <\/p>\n\n\n\n<div style=\"height:20px\" aria-hidden=\"true\" class=\"wp-block-spacer\"><\/div>\n<\/div>\n\n\n\n<div class=\"wp-block-column\">\n<div class=\"wp-block-image icon-style is-style-rounded\"><figure class=\"aligncenter is-resized\"><img loading=\"lazy\" src=\"http:\/\/arol.com.tr\/wp-content\/themes\/neve\/assets\/img\/starter-content\/icon-01.svg\" alt=\"\" width=\"48\" height=\"48\"\/><\/figure><\/div>\n\n\n\n<h3 class=\"has-text-align-center has-neve-text-color-color has-text-color\">Elektrik Kazanc\u0131<\/h3>\n\n\n\n<p class=\"has-text-align-center\">Art\u0131k GES (G\u00fcne\u015f Enerji Santralleri) \u00e7ok daha avantajl\u0131.<\/p>\n\n\n\n<div style=\"height:20px\" aria-hidden=\"true\" class=\"wp-block-spacer\"><\/div>\n<\/div>\n<\/div>\n\n\n\n<div style=\"height:80px\" aria-hidden=\"true\" class=\"wp-block-spacer\"><\/div>\n\n\n\n<div class=\"wp-block-cover alignfull has-nv-light-bg-background-color has-background-dim\" style=\"min-height:600px\"><div class=\"wp-block-cover__inner-container\">\n<div class=\"wp-block-group\"><div class=\"wp-block-group__inner-container\">\n<div style=\"height:80px\" aria-hidden=\"true\" class=\"wp-block-spacer\"><\/div>\n\n\n\n<div class=\"wp-block-columns are-vertically-aligned-center\">\n<div class=\"wp-block-column is-vertically-aligned-center\" style=\"flex-basis:50%\">\n<figure class=\"wp-block-image size-large is-style-default\"><img loading=\"lazy\" width=\"1024\" height=\"867\" src=\"http:\/\/arol.com.tr\/wp-content\/uploads\/2022\/01\/cati_web-1024x867.jpg\" alt=\"\" class=\"wp-image-38\" srcset=\"https:\/\/arol.com.tr\/wp-content\/uploads\/2022\/01\/cati_web-1024x867.jpg 1024w, https:\/\/arol.com.tr\/wp-content\/uploads\/2022\/01\/cati_web-300x254.jpg 300w, https:\/\/arol.com.tr\/wp-content\/uploads\/2022\/01\/cati_web-768x650.jpg 768w, https:\/\/arol.com.tr\/wp-content\/uploads\/2022\/01\/cati_web-1536x1301.jpg 1536w, https:\/\/arol.com.tr\/wp-content\/uploads\/2022\/01\/cati_web.jpg 2000w\" sizes=\"(max-width: 1024px) 100vw, 1024px\" \/><\/figure>\n<\/div>\n\n\n\n<div class=\"wp-block-column is-vertically-aligned-center\" style=\"flex-basis:50%\">\n<div style=\"height:20px\" aria-hidden=\"true\" class=\"wp-block-spacer\"><\/div>\n\n\n\n<h2 class=\"has-text-align-left has-neve-text-color-color has-text-color\">Canopy Uygulamalar\u0131<\/h2>\n\n\n\n<p class=\"has-text-align-left has-neve-text-color-color has-text-color\" style=\"font-size:17px\">Conopy GES uygulamalar\u0131 art\u0131k daha \u00e7ok kazand\u0131r\u0131yor. <\/p>\n\n\n\n<div class=\"wp-block-buttons is-content-justification-left\"><\/div>\n<\/div>\n<\/div>\n\n\n\n<div style=\"height:40px\" aria-hidden=\"true\" class=\"wp-block-spacer\"><\/div>\n<\/div><\/div>\n<\/div><\/div>\n\n\n\n<div class=\"wp-block-cover alignfull has-nv-site-bg-background-color has-background-dim\" style=\"min-height:600px\"><div class=\"wp-block-cover__inner-container\">\n<div class=\"wp-block-group\"><div class=\"wp-block-group__inner-container\">\n<div style=\"height:80px\" aria-hidden=\"true\" class=\"wp-block-spacer\"><\/div>\n\n\n\n<div class=\"wp-block-columns are-vertically-aligned-center\">\n<div class=\"wp-block-column is-vertically-aligned-center\" style=\"flex-basis:50%\">\n<h2 class=\"has-text-align-left has-neve-text-color-color has-text-color\">Besihane &#8211; \u00c7iftlik Uygulamalar\u0131<\/h2>\n\n\n\n<p class=\"has-text-align-left has-neve-text-color-color has-text-color\" style=\"font-size:17px\">Besihane &#8211; \u00c7iftlik GES uygulamar\u0131 art\u0131k daha \u00e7ok kazand\u0131r\u0131yor. <\/p>\n\n\n\n<div class=\"wp-block-buttons is-content-justification-left\"><\/div>\n\n\n\n<div style=\"height:40px\" aria-hidden=\"true\" class=\"wp-block-spacer\"><\/div>\n<\/div>\n\n\n\n<div class=\"wp-block-column is-vertically-aligned-center\" style=\"flex-basis:50%\">\n<figure class=\"wp-block-image size-large\"><img loading=\"lazy\" width=\"1024\" height=\"835\" src=\"http:\/\/arol.com.tr\/wp-content\/uploads\/2022\/01\/besi_web-1024x835.jpg\" alt=\"\" class=\"wp-image-37\" srcset=\"https:\/\/arol.com.tr\/wp-content\/uploads\/2022\/01\/besi_web-1024x835.jpg 1024w, https:\/\/arol.com.tr\/wp-content\/uploads\/2022\/01\/besi_web-300x244.jpg 300w, https:\/\/arol.com.tr\/wp-content\/uploads\/2022\/01\/besi_web-768x626.jpg 768w, https:\/\/arol.com.tr\/wp-content\/uploads\/2022\/01\/besi_web-1536x1252.jpg 1536w, https:\/\/arol.com.tr\/wp-content\/uploads\/2022\/01\/besi_web.jpg 2032w\" sizes=\"(max-width: 1024px) 100vw, 1024px\" \/><\/figure>\n<\/div>\n<\/div>\n\n\n\n<div style=\"height:40px\" aria-hidden=\"true\" class=\"wp-block-spacer\"><\/div>\n<\/div><\/div>\n<\/div><\/div>\n\n\n\n<div class=\"wp-block-cover alignfull has-nv-dark-bg-background-color has-background-dim\" style=\"min-height:600px\"><div class=\"wp-block-cover__inner-container\">\n<div class=\"wp-block-group\"><div class=\"wp-block-group__inner-container\">\n<div style=\"height:80px\" aria-hidden=\"true\" class=\"wp-block-spacer\"><\/div>\n\n\n\n<div class=\"wp-block-columns are-vertically-aligned-center\">\n<div class=\"wp-block-column is-vertically-aligned-center\" style=\"flex-basis:50%\">\n<figure class=\"wp-block-image size-large\"><img loading=\"lazy\" width=\"1024\" height=\"1024\" src=\"http:\/\/arol.com.tr\/wp-content\/uploads\/2022\/01\/Artboard-1-80-1024x1024.jpg\" alt=\"\" class=\"wp-image-43\" srcset=\"https:\/\/arol.com.tr\/wp-content\/uploads\/2022\/01\/Artboard-1-80-1024x1024.jpg 1024w, https:\/\/arol.com.tr\/wp-content\/uploads\/2022\/01\/Artboard-1-80-300x300.jpg 300w, https:\/\/arol.com.tr\/wp-content\/uploads\/2022\/01\/Artboard-1-80-150x150.jpg 150w, https:\/\/arol.com.tr\/wp-content\/uploads\/2022\/01\/Artboard-1-80-768x768.jpg 768w, https:\/\/arol.com.tr\/wp-content\/uploads\/2022\/01\/Artboard-1-80-1536x1536.jpg 1536w, https:\/\/arol.com.tr\/wp-content\/uploads\/2022\/01\/Artboard-1-80.jpg 2000w\" sizes=\"(max-width: 1024px) 100vw, 1024px\" \/><\/figure>\n<\/div>\n\n\n\n<div class=\"wp-block-column is-vertically-aligned-center\" style=\"flex-basis:50%\">\n<div style=\"height:40px\" aria-hidden=\"true\" class=\"wp-block-spacer\"><\/div>\n\n\n\n<h2 class=\"has-text-align-left has-nv-text-dark-bg-color has-text-color\">\u00c7at\u0131 Uygulamalar\u0131<\/h2>\n\n\n\n<p class=\"has-text-align-left has-nv-text-dark-bg-color has-text-color\" style=\"font-size:17px\">\u00c7at\u0131lar\u0131n enerji potansiyelini ke\u015ffedin.<\/p>\n\n\n\n<div class=\"wp-block-buttons is-content-justification-left\"><\/div>\n<\/div>\n<\/div>\n\n\n\n<div style=\"height:40px\" aria-hidden=\"true\" class=\"wp-block-spacer\"><\/div>\n<\/div><\/div>\n<\/div><\/div>\n\n\n\n<div class=\"wp-block-cover alignfull has-background-dim\" style=\"background-color:#5a5a5a;min-height:300px\"><div class=\"wp-block-cover__inner-container\">\n<div style=\"height:140px\" aria-hidden=\"true\" class=\"wp-block-spacer\"><\/div>\n\n\n\n<h2 class=\"has-text-align-center has-nv-text-dark-bg-color has-text-color\">Zaman kaybetmeden GES projenizi hemen uygulamaya ge\u00e7elim&#8230;<br><\/h2>\n\n\n\n<p class=\"has-text-align-center has-medium-font-size\">+90 530 077 28 18 numaral\u0131 Whatsapp hatt\u0131m\u0131zdan hemen ileti\u015fime ge\u00e7ebilirsiniz&#8230;<\/p>\n\n\n\n<div class=\"wp-block-buttons is-content-justification-center\">\n<div class=\"wp-block-button is-style-primary\"><a class=\"wp-block-button__link\" href=\"http:\/\/wa.me\/905300772818\">WHATSAPP \u0130LET\u0130\u015e\u0130M<\/a><\/div>\n<\/div>\n\n\n\n<div style=\"height:140px\" aria-hidden=\"true\" class=\"wp-block-spacer\"><\/div>\n<\/div><\/div>\n\n\n\n<p><\/p>\n","protected":false},"excerpt":{"rendered":"<p>2021 Fiyatlar\u0131 Elektrik fiyatlar\u0131 artarken bizde GES uygulamalar\u0131 ge\u00e7en seneki fiyatlardan&#8230; \u015eimdi Tam Zaman\u0131 Elektrik fiyatlar\u0131 bu y\u0131l itibar\u0131yla %50 ile %135 aras\u0131 fiyat art\u0131\u015f\u0131 ger\u00e7ekle\u015fti. Elektrik Kazanc\u0131 Art\u0131k GES (G\u00fcne\u015f Enerji Santralleri) \u00e7ok daha avantajl\u0131.<\/p>\n","protected":false},"author":1,"featured_media":0,"parent":0,"menu_order":0,"comment_status":"closed","ping_status":"closed","template":"","meta":{"om_disable_all_campaigns":false,"_mi_skip_tracking":false,"neve_meta_sidebar":"","neve_meta_container":"","neve_meta_enable_content_width":"on","neve_meta_content_width":100,"neve_meta_title_alignment":"","neve_meta_author_avatar":"","neve_post_elements_order":"","neve_meta_disable_header":"","neve_meta_disable_footer":"","neve_meta_disable_title":"on"},"_links":{"self":[{"href":"https:\/\/arol.com.tr\/index.php\/wp-json\/wp\/v2\/pages\/12"}],"collection":[{"href":"https:\/\/arol.com.tr\/index.php\/wp-json\/wp\/v2\/pages"}],"about":[{"href":"https:\/\/arol.com.tr\/index.php\/wp-json\/wp\/v2\/types\/page"}],"author":[{"embeddable":true,"href":"https:\/\/arol.com.tr\/index.php\/wp-json\/wp\/v2\/users\/1"}],"replies":[{"embeddable":true,"href":"https:\/\/arol.com.tr\/index.php\/wp-json\/wp\/v2\/comments?post=12"}],"version-history":[{"count":15,"href":"https:\/\/arol.com.tr\/index.php\/wp-json\/wp\/v2\/pages\/12\/revisions"}],"predecessor-version":[{"id":80,"href":"https:\/\/arol.com.tr\/index.php\/wp-json\/wp\/v2\/pages\/12\/revisions\/80"}],"wp:attachment":[{"href":"https:\/\/arol.com.tr\/index.php\/wp-json\/wp\/v2\/media?parent=12"}],"curies":[{"name":"wp","href":"https:\/\/api.w.org\/{rel}","templated":true}]}}